{"id":6,"date":"2021-12-07T09:25:05","date_gmt":"2021-12-07T09:25:05","guid":{"rendered":"https:\/\/paintballzonazero.es\/wordpress\/?page_id=6"},"modified":"2022-01-20T19:21:45","modified_gmt":"2022-01-20T19:21:45","slug":"el-nuevo-umoma-abre-sus-puertas-2","status":"publish","type":"page","link":"https:\/\/paintballzonazero.es\/wordpress\/","title":{"rendered":"Bienvenidos"},"content":{"rendered":"\n<figure class=\"wp-block-image size-full is-resized\"><img loading=\"lazy\" decoding=\"async\" src=\"https:\/\/paintballzonazero.es\/wordpress\/wp-content\/uploads\/2021\/12\/shapeimage_3.png\" alt=\"\" class=\"wp-image-47\" width=\"1059\" height=\"131\" srcset=\"https:\/\/paintballzonazero.es\/wordpress\/wp-content\/uploads\/2021\/12\/shapeimage_3.png 653w, https:\/\/paintballzonazero.es\/wordpress\/wp-content\/uploads\/2021\/12\/shapeimage_3-300x37.png 300w\" sizes=\"auto, (max-width: 1059px) 100vw, 1059px\" \/><\/figure>\n\n\n\n<figure class=\"wp-block-image alignfull size-large\"><img loading=\"lazy\" decoding=\"async\" width=\"1024\" height=\"461\" src=\"https:\/\/paintballzonazero.es\/wordpress\/wp-content\/uploads\/2021\/12\/WhatsApp-Image-2021-10-25-at-18.21.01-1024x461.jpeg\" alt=\"\" class=\"wp-image-36\" srcset=\"https:\/\/paintballzonazero.es\/wordpress\/wp-content\/uploads\/2021\/12\/WhatsApp-Image-2021-10-25-at-18.21.01-1024x461.jpeg 1024w, https:\/\/paintballzonazero.es\/wordpress\/wp-content\/uploads\/2021\/12\/WhatsApp-Image-2021-10-25-at-18.21.01-300x135.jpeg 300w, https:\/\/paintballzonazero.es\/wordpress\/wp-content\/uploads\/2021\/12\/WhatsApp-Image-2021-10-25-at-18.21.01-768x346.jpeg 768w, https:\/\/paintballzonazero.es\/wordpress\/wp-content\/uploads\/2021\/12\/WhatsApp-Image-2021-10-25-at-18.21.01-1536x691.jpeg 1536w, https:\/\/paintballzonazero.es\/wordpress\/wp-content\/uploads\/2021\/12\/WhatsApp-Image-2021-10-25-at-18.21.01-1200x540.jpeg 1200w, https:\/\/paintballzonazero.es\/wordpress\/wp-content\/uploads\/2021\/12\/WhatsApp-Image-2021-10-25-at-18.21.01.jpeg 1600w\" sizes=\"auto, (max-width: 1024px) 100vw, 1024px\" \/><\/figure>\n\n\n\n<div class=\"wp-block-group alignwide\"><div class=\"wp-block-group__inner-container is-layout-flow wp-block-group-is-layout-flow\"><\/div><\/div>\n\n\n\n<div class=\"wp-block-columns alignwide is-layout-flex wp-container-core-columns-is-layout-9d6595d7 wp-block-columns-is-layout-flex\">\n<div class=\"wp-block-column is-layout-flow wp-block-column-is-layout-flow\">\n<div class=\"wp-block-group\"><div class=\"wp-block-group__inner-container is-layout-flow wp-block-group-is-layout-flow\">\n<figure class=\"wp-block-image alignfull size-large is-style-rounded\"><img loading=\"lazy\" decoding=\"async\" width=\"1024\" height=\"645\" src=\"https:\/\/paintballzonazero.es\/wordpress\/wp-content\/uploads\/2021\/12\/gallery-9-e1639594957165-1024x645.jpg\" alt=\"\" class=\"wp-image-32\" srcset=\"https:\/\/paintballzonazero.es\/wordpress\/wp-content\/uploads\/2021\/12\/gallery-9-e1639594957165-1024x645.jpg 1024w, https:\/\/paintballzonazero.es\/wordpress\/wp-content\/uploads\/2021\/12\/gallery-9-e1639594957165-300x189.jpg 300w, https:\/\/paintballzonazero.es\/wordpress\/wp-content\/uploads\/2021\/12\/gallery-9-e1639594957165-768x484.jpg 768w, https:\/\/paintballzonazero.es\/wordpress\/wp-content\/uploads\/2021\/12\/gallery-9-e1639594957165-1200x756.jpg 1200w, https:\/\/paintballzonazero.es\/wordpress\/wp-content\/uploads\/2021\/12\/gallery-9-e1639594957165.jpg 1280w\" sizes=\"auto, (max-width: 1024px) 100vw, 1024px\" \/><\/figure>\n\n\n\n<h3 class=\"has-subtle-background-color has-text-color wp-block-heading\">En posici\u00f3n<\/h3>\n\n\n\n<p><\/p>\n<\/div><\/div>\n\n\n\n<div class=\"wp-block-group\"><div class=\"wp-block-group__inner-container is-layout-flow wp-block-group-is-layout-flow\">\n<figure class=\"wp-block-image alignfull size-large\"><img loading=\"lazy\" decoding=\"async\" width=\"768\" height=\"1024\" src=\"https:\/\/paintballzonazero.es\/wordpress\/wp-content\/uploads\/2021\/12\/ee71fb0f-4bf1-4b6c-be29-6d7fc476a537-768x1024.jpg\" alt=\"\" class=\"wp-image-34\" srcset=\"https:\/\/paintballzonazero.es\/wordpress\/wp-content\/uploads\/2021\/12\/ee71fb0f-4bf1-4b6c-be29-6d7fc476a537-768x1024.jpg 768w, https:\/\/paintballzonazero.es\/wordpress\/wp-content\/uploads\/2021\/12\/ee71fb0f-4bf1-4b6c-be29-6d7fc476a537-225x300.jpg 225w, https:\/\/paintballzonazero.es\/wordpress\/wp-content\/uploads\/2021\/12\/ee71fb0f-4bf1-4b6c-be29-6d7fc476a537-1152x1536.jpg 1152w, https:\/\/paintballzonazero.es\/wordpress\/wp-content\/uploads\/2021\/12\/ee71fb0f-4bf1-4b6c-be29-6d7fc476a537.jpg 1200w\" sizes=\"auto, (max-width: 768px) 100vw, 768px\" \/><\/figure>\n\n\n\n<h3 class=\"has-subtle-background-color has-text-color wp-block-heading\">A esconderse toca<\/h3>\n<\/div><\/div>\n<\/div>\n\n\n\n<div class=\"wp-block-column is-layout-flow wp-block-column-is-layout-flow\">\n<div class=\"wp-block-group\"><div class=\"wp-block-group__inner-container is-layout-flow wp-block-group-is-layout-flow\">\n<figure class=\"wp-block-image alignfull size-large is-style-rounded\"><img loading=\"lazy\" decoding=\"async\" width=\"1024\" height=\"644\" src=\"https:\/\/paintballzonazero.es\/wordpress\/wp-content\/uploads\/2021\/12\/gallery-4-1024x644.jpg\" alt=\"\" class=\"wp-image-33\" srcset=\"https:\/\/paintballzonazero.es\/wordpress\/wp-content\/uploads\/2021\/12\/gallery-4-1024x644.jpg 1024w, https:\/\/paintballzonazero.es\/wordpress\/wp-content\/uploads\/2021\/12\/gallery-4-300x189.jpg 300w, https:\/\/paintballzonazero.es\/wordpress\/wp-content\/uploads\/2021\/12\/gallery-4-768x483.jpg 768w, https:\/\/paintballzonazero.es\/wordpress\/wp-content\/uploads\/2021\/12\/gallery-4-1200x755.jpg 1200w, https:\/\/paintballzonazero.es\/wordpress\/wp-content\/uploads\/2021\/12\/gallery-4.jpg 1280w\" sizes=\"auto, (max-width: 1024px) 100vw, 1024px\" \/><\/figure>\n\n\n\n<h3 class=\"has-subtle-background-color has-text-color wp-block-heading\">Objetivo al entardecer<\/h3>\n<\/div><\/div>\n\n\n\n<div class=\"wp-block-group\"><div class=\"wp-block-group__inner-container is-layout-flow wp-block-group-is-layout-flow\">\n<figure class=\"wp-block-image alignfull size-large\"><img loading=\"lazy\" decoding=\"async\" width=\"768\" height=\"1024\" src=\"https:\/\/paintballzonazero.es\/wordpress\/wp-content\/uploads\/2021\/12\/c894e490-1e3c-4b0c-b273-8a4ce990befe-768x1024.jpg\" alt=\"\" class=\"wp-image-35\" srcset=\"https:\/\/paintballzonazero.es\/wordpress\/wp-content\/uploads\/2021\/12\/c894e490-1e3c-4b0c-b273-8a4ce990befe-768x1024.jpg 768w, https:\/\/paintballzonazero.es\/wordpress\/wp-content\/uploads\/2021\/12\/c894e490-1e3c-4b0c-b273-8a4ce990befe-225x300.jpg 225w, https:\/\/paintballzonazero.es\/wordpress\/wp-content\/uploads\/2021\/12\/c894e490-1e3c-4b0c-b273-8a4ce990befe-1152x1536.jpg 1152w, https:\/\/paintballzonazero.es\/wordpress\/wp-content\/uploads\/2021\/12\/c894e490-1e3c-4b0c-b273-8a4ce990befe.jpg 1200w\" sizes=\"auto, (max-width: 768px) 100vw, 768px\" \/><\/figure>\n\n\n\n<h3 class=\"has-subtle-background-color has-text-color wp-block-heading\">Cubriendo la espalda del compa\u00f1ero<\/h3>\n<\/div><\/div>\n<\/div>\n<\/div>\n\n\n\n<div class=\"wp-block-group alignwide\"><div class=\"wp-block-group__inner-container is-layout-flow wp-block-group-is-layout-flow\">\n<h2 class=\"has-text-align-center has-subtle-background-color has-text-color wp-block-heading\">\u00abQUITAMOS LOS SEGUROS Y A LA DE TRES: UNO, DOS Y TRESSS\u00bb.<\/h2>\n\n\n\n<p><\/p>\n<\/div><\/div>\n\n\n\n<p class=\"has-text-align-center counter has-subtle-background-color has-text-color has-larger-font-size\">Zona-Zero<\/p>\n\n\n\n<p class=\"counter has-subtle-background-color has-text-color\">Diversi\u00f3n sin l\u00edmites<\/p>\n\n\n\n<p class=\"counter has-subtle-background-color has-text-color\">A tan s\u00f3lo 5 minutos de Badajoz, en un incomparable marco r\u00fastico te esperan m\u00e1s de 3000 mt de encinar convertido en campo de paintball para tu disfrute.<\/p>\n\n\n\n<p class=\"counter has-subtle-background-color has-text-color\">All\u00ed encontrar\u00e1s multitud de parapetos, trincheras y fuertes donde podr\u00e1s realizar multitud de juegos y desarrollar tu imaginaci\u00f3n a la vez que quemas adrenalina.<\/p>\n\n\n\n<p class=\"counter has-subtle-background-color has-text-color\">Somos un equipo amantes del paintball que queremos compartir nuestra afici\u00f3n con vosotros.<\/p>\n\n\n\n<p class=\"counter has-subtle-background-color has-text-color\">Nuestro personal esta compuesto por un equipo joven pero con una gran experiencia y pasi\u00f3n por el paintball por lo que siempre estar\u00e1n dispuestos a haceros disfrutar.<\/p>\n\n\n\n<p class=\"counter has-subtle-background-color has-text-color\">Para la preparaci\u00f3n de cada batalla hacemos una exploraci\u00f3n exhaustiva del terreno para ver las diferentes posibilidades y en ellas poder encontrar:<\/p>\n\n\n\n<p class=\"counter has-subtle-background-color has-text-color\">  1 Presentaci\u00f3n de la misi\u00f3n.<\/p>\n\n\n\n<p class=\"counter has-subtle-background-color has-text-color\">  2 Explicaci\u00f3n de la misma.<\/p>\n\n\n\n<p class=\"counter has-subtle-background-color has-text-color\">  3 Instrucciones y procedimientos sobre el uso del material que se le    proporciona a cada jugador, as\u00ed como de las normas de campo.<\/p>\n\n\n\n<p class=\"counter has-subtle-background-color has-text-color\">  4 \u00c1rbitros.<\/p>\n\n\n\n<p><\/p>\n\n\n\n<figure class=\"wp-block-image alignwide size-large\"><img loading=\"lazy\" decoding=\"async\" width=\"1024\" height=\"768\" src=\"https:\/\/paintballzonazero.es\/wordpress\/wp-content\/uploads\/2021\/12\/WhatsApp-Image-2021-10-21-at-18.11.37-2-1024x768.jpeg\" alt=\"\" class=\"wp-image-46\" srcset=\"https:\/\/paintballzonazero.es\/wordpress\/wp-content\/uploads\/2021\/12\/WhatsApp-Image-2021-10-21-at-18.11.37-2-1024x768.jpeg 1024w, https:\/\/paintballzonazero.es\/wordpress\/wp-content\/uploads\/2021\/12\/WhatsApp-Image-2021-10-21-at-18.11.37-2-300x225.jpeg 300w, https:\/\/paintballzonazero.es\/wordpress\/wp-content\/uploads\/2021\/12\/WhatsApp-Image-2021-10-21-at-18.11.37-2-768x576.jpeg 768w, https:\/\/paintballzonazero.es\/wordpress\/wp-content\/uploads\/2021\/12\/WhatsApp-Image-2021-10-21-at-18.11.37-2-1536x1152.jpeg 1536w, https:\/\/paintballzonazero.es\/wordpress\/wp-content\/uploads\/2021\/12\/WhatsApp-Image-2021-10-21-at-18.11.37-2-1200x900.jpeg 1200w, https:\/\/paintballzonazero.es\/wordpress\/wp-content\/uploads\/2021\/12\/WhatsApp-Image-2021-10-21-at-18.11.37-2.jpeg 1600w\" sizes=\"auto, (max-width: 1024px) 100vw, 1024px\" \/><\/figure>\n","protected":false},"excerpt":{"rendered":"<p>En posici\u00f3n A esconderse toca Objetivo al entardecer Cubriendo la espalda del compa\u00f1ero \u00abQUITAMOS LOS SEGUROS Y A LA DE TRES: UNO, DOS Y TRESSS\u00bb. Zona-Zero Diversi\u00f3n sin l\u00edmites A tan s\u00f3lo 5 minutos de Badajoz, en un incomparable marco r\u00fastico te esperan m\u00e1s de 3000 mt de encinar convertido en campo de paintball para [&hellip;]<\/p>\n","protected":false},"author":1,"featured_media":0,"parent":0,"menu_order":0,"comment_status":"closed","ping_status":"closed","template":"templates\/template-full-width.php","meta":{"footnotes":""},"class_list":["post-6","page","type-page","status-publish","hentry"],"_links":{"self":[{"href":"https:\/\/paintballzonazero.es\/wordpress\/wp-json\/wp\/v2\/pages\/6","targetHints":{"allow":["GET"]}}],"collection":[{"href":"https:\/\/paintballzonazero.es\/wordpress\/wp-json\/wp\/v2\/pages"}],"about":[{"href":"https:\/\/paintballzonazero.es\/wordpress\/wp-json\/wp\/v2\/types\/page"}],"author":[{"embeddable":true,"href":"https:\/\/paintballzonazero.es\/wordpress\/wp-json\/wp\/v2\/users\/1"}],"replies":[{"embeddable":true,"href":"https:\/\/paintballzonazero.es\/wordpress\/wp-json\/wp\/v2\/comments?post=6"}],"version-history":[{"count":24,"href":"https:\/\/paintballzonazero.es\/wordpress\/wp-json\/wp\/v2\/pages\/6\/revisions"}],"predecessor-version":[{"id":200,"href":"https:\/\/paintballzonazero.es\/wordpress\/wp-json\/wp\/v2\/pages\/6\/revisions\/200"}],"wp:attachment":[{"href":"https:\/\/paintballzonazero.es\/wordpress\/wp-json\/wp\/v2\/media?parent=6"}],"curies":[{"name":"wp","href":"https:\/\/api.w.org\/{rel}","templated":true}]}}